{"id":3,"date":"2023-09-18T19:23:56","date_gmt":"2023-09-18T19:23:56","guid":{"rendered":"https:\/\/wielonki.pl\/?page_id=3"},"modified":"2024-11-24T19:21:08","modified_gmt":"2024-11-24T18:21:08","slug":"privacy-policy","status":"publish","type":"page","link":"https:\/\/wielonki.pl\/en\/privacy-policy\/","title":{"rendered":"Privacy Policy"},"content":{"rendered":"\n<h2 class=\"wp-block-heading\">POLITYKA PRYWATNO\u015aCI<\/h2>\n\n\n\n<p>Korzystaj\u0105c z tej witryny lub\/i naszych us\u0142ug, wyra\u017casz zgod\u0119 na przetwarzanie swoich danych osobowych zgodnie z niniejsz\u0105 Polityk\u0105 Prywatno\u015bci.<\/p>\n\n\n\n<h4 class=\"wp-block-heading\">1. INFORMACJE OG\u00d3LNE DOTYCZ\u0104CE POLITYKI PRYWATNO\u015aCI<\/h4>\n\n\n\n<ol class=\"wp-block-list\">\n<li>Celem Polityki Prywatno\u015bci naszego Serwisu jest przede wszystkim przekazanie Ci informacji, o kt\u00f3rych mowa w art. 13 (i innych zapisach) rozporz\u0105dzenia Parlamentu Europejskiego i Rady (UE) 2016\/679 z dnia 27 kwietnia 2016 r. w sprawie ochrony os\u00f3b fizycznych w zwi\u0105zku z przetwarzaniem danych osobowych i w sprawie swobodnego przep\u0142ywu takich danych oraz uchylenia dyrektywy 95\/46\/WE (og\u00f3lne rozporz\u0105dzenie o ochronie danych), zwanego dalej \u201eRODO\u201d.<\/li>\n\n\n\n<li>Zapewniamy, i\u017c dok\u0142adamy szczeg\u00f3lnej staranno\u015bci w celu ochrony Twoich danych osobowych, a w zw\u0142aszcza zapewniamy, \u017ce zbierane przez nas dane s\u0105 przetwarzane zgodnie z prawem; wy\u0142\u0105cznie dla oznaczonych, prawnie dozwolonych cel\u00f3w i niepoddawane s\u0105 dalszemu przetwarzaniu sprzecznemu z tymi celami. Ponadto, dbamy by zbierane przez nas dane by\u0142y merytorycznie poprawne i adekwatne w stosunku do cel\u00f3w, w jakich s\u0105 przetwarzane oraz przechowywane w postaci umo\u017cliwiaj\u0105cej identyfikacj\u0119 os\u00f3b, kt\u00f3rych dotycz\u0105, nie d\u0142u\u017cej ni\u017c jest to niezb\u0119dne do osi\u0105gni\u0119cia celu przetwarzania.<\/li>\n\n\n\n<li>We wszelkich kwestiach dotycz\u0105cych ochrony Twoich danych osobowych mo\u017cesz si\u0119 skontaktowa\u0107 z nami na adres mailowy wielonki@gmail.com<\/li>\n<\/ol>\n\n\n\n<h4 class=\"wp-block-heading\">2. KTO JEST ADMINISTRATOREM TWOICH DANYCH?<\/h4>\n\n\n\n<ol class=\"wp-block-list\">\n<li>Administratorem Twoich danych osobowych jest Wielonki Martyna Skowro\u0144ska [zwana dalej r\u00f3wnie\u017c: Administratorem] z siedzib\u0105 w Karbowie (adres siedziby i adres korespondencyjny: ul. Storczykowa 2 87-300 Karbowo; wpisana do Centralnej Ewidencji i Informacji o Dzia\u0142alno\u015bci Gospodarczej pod numerem NIP: 7412166989, REGON: 526671247.<\/li>\n\n\n\n<li>Adresem poczty elektronicznej Administratora jest (mi\u0119dzy innymi): wielonki@gmail.com<\/li>\n<\/ol>\n\n\n\n<h4 class=\"wp-block-heading\">3. JAK I DLACZEGO ZBIERAMY TWOJE DANE?<\/h4>\n\n\n\n<ol class=\"wp-block-list\">\n<li>Odwiedzanie i korzystanie z naszego Serwisu mo\u017ce wi\u0105za\u0107 si\u0119 z potrzeb\u0105 podania nam Twoich danych osobowych. Podane dane zachowujemy w \u015bcis\u0142ej poufno\u015bci i wykorzystujemy jedynie do cel\u00f3w, o kt\u00f3rych Ci\u0119 poinformowali\u015bmy przy pobieraniu danych lub w niniejszej Polityce Prywatno\u015bci. Dzi\u0119ki r\u00f3\u017cnorodnym mo\u017cliwo\u015bciom wyboru decydujesz o tym, jakie dane udost\u0119pniasz oraz z jakich danych mo\u017cemy korzysta\u0107.<\/li>\n\n\n\n<li>Gdy podasz nam swoje dane w celu kupna oferowanych przez nas towar\u00f3w b\u0119dziemy przetwarza\u0107 Twoje dane celem realizacji Twojego zam\u00f3wienia, w tym r\u00f3wnie\u017c realizacji praw przys\u0142uguj\u0105cych Ci na podstawie ustaw i Regulaminu. Dlatego te\u017c niekt\u00f3re Twoje dane przechowywa\u0107 b\u0119dziemy do czasu gdy mo\u017cliwe b\u0119dzie zg\u0142oszenie przez Ciebie np. reklamacji.<\/li>\n\n\n\n<li>W przypadku gdy wyrazisz ch\u0119\u0107 skorzystania z oferowanych przez nas us\u0142ug, b\u0119dziemy przetwarza\u0107 Twoje dane podane przy rejestracji do Serwisu w celu ich \u015bwiadczenia, zgodnie z ich opisem zawartym w Regulaminie lub przekazanym Ci odr\u0119bnie. Tymi us\u0142ugami mog\u0105 by\u0107&nbsp;<a href=\"http:\/\/m.in\/\">m.in<\/a>.: realizacja dokonanych przez Ciebie zakup\u00f3w, realizacja twoich praw (w tym praw konsumenta) zwi\u0105zanych z danym zakupem, us\u0142uga Newslettera, konkursy, wysy\u0142ka katalog\u00f3w, itp.<\/li>\n\n\n\n<li>Podczas Twojej wizyty w naszym Serwisie pewne Twoje dane o Twojej aktywno\u015bci na Serwisie b\u0119d\u0105 zbierane automatycznie. W ten spos\u00f3b zbieramy i gromadzimy informacje takie jak: Tw\u00f3j adres IP, adres URL \u017c\u0105dania, nazwa domeny, identyfikator urz\u0105dzenia, typ przegl\u0105darki, j\u0119zyk przegl\u0105darki, liczba klikni\u0119\u0107, ilo\u015b\u0107 czasu sp\u0119dzonego na poszczeg\u00f3lnych stronach, data i godzina korzystania z Serwisu, typ i wersja systemu operacyjnego, rozdzielczo\u015b\u0107 ekranu, dane zbierane w dziennikach serwera a tak\u017ce inne podobne informacje.<\/li>\n\n\n\n<li>Gdy kontaktujesz si\u0119 z nami celem dokonania r\u00f3\u017cnych czynno\u015bci lub uzyskania informacji (np. z\u0142o\u017cenia reklamacji) za pomoc\u0105 strony internetowej, telefonu, czy te\u017c poczty e-mail, ponownie wymaga\u0107 b\u0119dziemy przekazania nam Twoich danych osobowych celem potwierdzenia Twojej to\u017csamo\u015bci i mo\u017cliwo\u015bci zwrotnego kontaktu. Dotyczy to tych samych danych osobowych, kt\u00f3re wcze\u015bniej poda\u0142e\u015b. Mo\u017ce si\u0119 jednak zdarzy\u0107, \u017ce z uwagi na specyfik\u0119 Twojego \u017c\u0105dania lub pro\u015bby, b\u0119dziemy musieli pobra\u0107 od Ciebie jeszcze inne dane. Podanie przez Ciebie ww. danych nie jest obowi\u0105zkowe, lecz jest niezb\u0119dne do dokonania czynno\u015bci lub uzyskania informacji, kt\u00f3re Ci\u0119 interesuj\u0105. Powy\u017cej wymienione dane b\u0119dziemy przetwarza\u0107 w celu realizacji \u017c\u0105danych przez Ciebie czynno\u015bci lub w celu przekazania Ci informacji, o kt\u00f3re poprosisz \u2013 w zale\u017cno\u015bci od tego, kt\u00f3ra sytuacja ma miejsce. Oferowane przez nas us\u0142ugi nie s\u0105 przeznaczone dla dzieci poni\u017cej 16 roku \u017cycia. Z tych wzgl\u0119d\u00f3w informujemy, \u017ce je\u015bli dowiemy si\u0119, \u017ce udost\u0119pnione zosta\u0142y nam dane osobowe os\u00f3b poni\u017cej 16 roku \u017cycia w\u00f3wczas bez zb\u0119dnej zw\u0142oki usuniemy je.<\/li>\n<\/ol>\n\n\n\n<h4 class=\"wp-block-heading\">4. NA JAKIEJ PODSTAWIE PRZETWARZAMY TWOJE DANE?<\/h4>\n\n\n\n<ol class=\"wp-block-list\">\n<li>By m\u00f3c przetwarza\u0107 Twoje dane ka\u017cdorazowo musimy by\u0107 do tego uprawnieniu (zgodnie z Polityk\u0105 Prywatno\u015bci i RODO) na jednej z nast\u0119puj\u0105cych podstaw:\n<ol class=\"wp-block-list\">\n<li>Twoja zgoda \u2013 w zakresie wynikaj\u0105cym z tej zgody;<\/li>\n\n\n\n<li>zawarta mi\u0119dzy nami umowa (dotycz\u0105ca np. kupna danego towaru, realizacji zam\u00f3wienia, prowadzenia konta na Serwisie, informowania o promocjach, udzia\u0142u w konkursie, wysy\u0142ania Newslettera) \u2013 w zakresie niezb\u0119dnym do jej realizacji;<\/li>\n\n\n\n<li>obowi\u0105zek prawny tj. obowi\u0105zek wynikaj\u0105cy z wi\u0105\u017c\u0105cych nas przepis\u00f3w prawa \u2013 w zakresie niezb\u0119dnym do przestrzegania przez nas danych przepis\u00f3w;<\/li>\n\n\n\n<li>prawnie uzasadniony interes realizowany przez nas lub przez osob\u0119 trzeci\u0105 (chyba \u017ce nadrz\u0119dny charakter wobec naszych interes\u00f3w i ww. interes\u00f3w osoby trzeciej b\u0119d\u0105 mia\u0142y Twoje interesy lub Twoje podstawowe prawa i wolno\u015bci).<\/li>\n<\/ol>\n<\/li>\n\n\n\n<li>Twoje dane niekiedy musimy przetwarza\u0107 z uwagi na konieczno\u015b\u0107 realizacji spoczywaj\u0105cych na nas obowi\u0105zk\u00f3w prawnych. B\u0119d\u0105 to sytuacje, w kt\u00f3rych musimy przechowywa\u0107 np. dane wynikaj\u0105ce z wystawionych faktur lub rachunk\u00f3w ze wzgl\u0119d\u00f3w rozliczeniowo-podatkowych, czy dane dotycz\u0105ce wygranych w konkursie.<\/li>\n\n\n\n<li>Na podstawie realizowanego przez nas lub przez osob\u0119 trzeci\u0105 prawnie uzasadnionego interesu b\u0119dziemy przetwarza\u0107 Twoje dane dla cel\u00f3w publikacji nieprofilowanych reklam naszych towar\u00f3w oraz us\u0142ug, jak te\u017c dla cel\u00f3w dochodzenia praw i obrony przed roszczeniami, dla cel\u00f3w dowodowych i archiwalnych. Na tej samej podstawie b\u0119dziemy te\u017c przetwarza\u0107 Twoje dane osobowe zbierane automatycznie w Serwisie celem zapewnienia bezpiecze\u0144stwa sesji, zapewnienia jako\u015bci sesji oraz udost\u0119pnienia wszystkich funkcji Serwisu. Na tej podstawie b\u0119dziemy r\u00f3wnie\u017c przetwarza\u0107 Twoje dane osobowe w celach analitycznych, co b\u0119dzie polega\u0142o na badaniu i analizie ruchu w naszym Serwisie.<\/li>\n<\/ol>\n\n\n\n<h4 class=\"wp-block-heading\">5. CZY PODANIE DANYCH JEST OBOWI\u0104ZKOWE?<\/h4>\n\n\n\n<ol class=\"wp-block-list\">\n<li>W przypadku zawarcia i wykonywania umowy przetwarzamy tylko te dane, bez kt\u00f3rych dana umowa nie mo\u017ce zosta\u0107 wykonana. Niepodanie danych niezb\u0119dnych do zawarcia i wykonania umowy spowoduje, \u017ce nie b\u0119dziemy mogli jej z Tob\u0105 zawrze\u0107 lub jej wykona\u0107. Dotyczy to tak\u017ce danych, kt\u00f3re musimy zebra\u0107 z uwagi na ci\u0105\u017c\u0105cy na nas obowi\u0105zek prawny (np. dane do faktur, w zwi\u0105zku ze z\u0142o\u017con\u0105 reklamacj\u0105).<\/li>\n\n\n\n<li>W ka\u017cdej sytuacji, gdy pozyskujemy Twoj\u0105 zgod\u0119 na przetwarzanie danych osobowych, jest ona ca\u0142kowicie dobrowolna. Je\u015bli nie wyrazisz zgody, o kt\u00f3r\u0105 prosimy w\u00f3wczas nie podejmiemy dzia\u0142a\u0144 kt\u00f3rych dana zgoda dotyczy.<\/li>\n<\/ol>\n\n\n\n<h4 class=\"wp-block-heading\">6. CZY MO\u017bEMY UDOST\u0118PNIA\u0106 TWOJE DANE OSOBOWE INNYM PODMIOTOM?<\/h4>\n\n\n\n<ol class=\"wp-block-list\">\n<li>Ka\u017cdorazowo przekazanie Twoich danych osobowych dokonywane jest w zakresie okre\u015blonym jedn\u0105 z podstaw wskazanych w dziale 4. powy\u017cej. Oznacza to \u017ce Twoje dane mo\u017cemy przekazywa\u0107 innym podmiotom&nbsp;<a href=\"http:\/\/m.in\/\">m.in<\/a>. by: dokona\u0107 przetwarzania danych zgodnie z tre\u015bci\u0105 Twojej zgody; celem wykonania ci\u0105\u017c\u0105cych na nas obowi\u0105zk\u00f3w prawnych (np. do zewn\u0119trznej ksi\u0119gowo\u015bci), celem realizacji zawartej z Tob\u0105 umowy (np. Twoje zlecenie dostarczenia zakupionych towar\u00f3w kurierem wymaga powierzenia mu Twoich danych), itp.<\/li>\n\n\n\n<li>Zgodnie z powy\u017cszym Twoje dane osobowe udost\u0119pniamy:\n<ul class=\"wp-block-list\">\n<li>naszym upowa\u017cnionym pracownikom i wsp\u00f3\u0142pracownikom, kt\u00f3rym Twoje dane osobowe s\u0105 ujawniane po to, by mogli oni wykona\u0107 swoje obowi\u0105zki;<\/li>\n\n\n\n<li>podmiotom, kt\u00f3rym zlecamy wykonywanie us\u0142ug zwi\u0105zanych z przetwarzaniem danych osobowych do kt\u00f3rych jeste\u015bmy uprawnieni \u2013 b\u0119d\u0105 to np. podmioty \u015bwiadcz\u0105ce us\u0142ugi analityczne i badania opinii w Internecie, podmioty wykonuj\u0105ce kampanie mailingowe, agencje reklamowe;<\/li>\n\n\n\n<li>podmiotom przetwarzaj\u0105cym Twoje dane na nasz\u0105 rzecz \u2013 np. nasi podwykonawcy, banki, doradcy podatkowi, kancelarie prawne, firmy kurierskie;<\/li>\n\n\n\n<li>organom publicznym jak Policja, izba celna, organy \u015bcigania, w zwi\u0105zku z prowadzonymi przez nie post\u0119powaniami, itp.<\/li>\n<\/ul>\n<\/li>\n<\/ol>\n\n\n\n<h4 class=\"wp-block-heading\">7. OKRES PRZECHOWYWANIA DANYCH<\/h4>\n\n\n\n<ol class=\"wp-block-list\">\n<li>Okres przechowywania poszczeg\u00f3lnych Twoich danych powi\u0105zany jest z celami i podstawami ich przetwarzania. Oznacza to, \u017ce Twoje dane przechowujemy i przetwarzamy tylko tak d\u0142ugo jak d\u0142ugo jest to niezb\u0119dne do celu dla jakiego zosta\u0142y uzyskane.<\/li>\n\n\n\n<li>Je\u015bli podstaw\u0105 przetwarzania Twoich danych jest:\n<ul class=\"wp-block-list\">\n<li>twoja zgoda \u2013 to okres ten trwa do momentu cofni\u0119cia twojej zgody lub jej dezaktualizacji (np. gdy zgoda dotyczy\u0142a us\u0142ugi kt\u00f3rej ju\u017c nie wykonujemy);<\/li>\n\n\n\n<li>konieczno\u015b\u0107 realizacji umowy \u2013 dane podane przy zakupie towaru przechowywane b\u0119d\u0105 dop\u00f3ki umowa nie zostanie wykonana i nie up\u0142ynie okres czasu zwi\u0105zany z udzielonymi przez nas gwarancjami lub r\u0119kojmi\u0105;<\/li>\n\n\n\n<li>obowi\u0105zek prawny \u2013 dop\u00f3ki nie zako\u0144czy si\u0119 okres wymagany przepisami;<\/li>\n\n\n\n<li>realizacja prawnie uzasadnionego interesu \u2013 do momentu a\u017c interes ten nie ustanie.<\/li>\n<\/ul>\n<\/li>\n\n\n\n<li>Tytu\u0142em przyk\u0142adu:\n<ul class=\"wp-block-list\">\n<li>dane podane do wysy\u0142ki Newslettera przechowywane b\u0119d\u0105 dop\u00f3ki wa\u017cna b\u0119dzie Twoja zgoda na dostarczanie Newslettera;<\/li>\n\n\n\n<li>je\u015bli wyrazi\u0142e\u015b zgod\u0119 na inne nasze dzia\u0142ania informacyjne o naszej ofercie \u2013 Twoje dane niezb\u0119dne do ich prowadzenia przechowywane b\u0119d\u0105 dop\u00f3ki nie cofniesz swojej zgody;<\/li>\n\n\n\n<li>w zwi\u0105zku z zakupem przez Ciebie towar\u00f3w, b\u0119dziemy przetwarza\u0107 Twoje dane przez okres 6 lat z uwagi na przepisy prawa podatkowego oraz z uwagi na terminy przedawnienia roszcze\u0144 (przechowywa\u0107 b\u0119dziemy tylko te dane kt\u00f3re s\u0105 niezb\u0119dne do wype\u0142nienia obowi\u0105zk\u00f3w z tych przepis\u00f3w). Okres ten mo\u017ce ulec zmianie wraz ze zmian\u0105 odpowiednich przepis\u00f3w prawa.<\/li>\n<\/ul>\n<\/li>\n\n\n\n<li>Po up\u0142ywie wskazanych okres\u00f3w czasu Twoje dane osobowe zostan\u0105 usuni\u0119te lub zanonimizowane.<\/li>\n\n\n\n<li>Bez wzgl\u0119du na powy\u017csze, przechowywanie Twoich danych, w zakresie w kt\u00f3rym pozwalaj\u0105 na to przepisy, ko\u0144czy si\u0119 w momencie gdy tego od nas za\u017c\u0105dasz (o czym szerzej w dziale 8. poni\u017cej).<\/li>\n<\/ol>\n\n\n\n<h4 class=\"wp-block-heading\">8. TWOJE PRAWA<\/h4>\n\n\n\n<ol class=\"wp-block-list\">\n<li>W zwi\u0105zku z przetwarzaniem przez nas Twoich danych przys\u0142uguje Ci szereg uprawnie\u0144, o kt\u00f3rych informujemy w niniejszym dziale. Mo\u017cesz z nich skorzysta\u0107, jak r\u00f3wnie\u017c uzyska\u0107 wi\u0119cej informacji w tym zakresie, kontaktuj\u0105c si\u0119 z nami na adres mailowy lub korespondencyjny wskazany w Serwisie oraz Polityce Prywatno\u015bci (dzia\u0142 2.). Zwracaj\u0105c si\u0119 do nas, pami\u0119taj o podaniu nam Twoich danych kontaktowych oraz preferowanej formy i czasu kontaktu. Dzi\u0119ki temu sprawniej odpowiemy na Twoje pytania i \u017c\u0105dania.<\/li>\n\n\n\n<li>W zwi\u0105zku z przetwarzaniem przez nas Twoich danych przys\u0142uguje Ci:\n<ul class=\"wp-block-list\">\n<li>prawo \u017c\u0105dania od nas dost\u0119pu do swoich danych osobowych oraz prawo do ich sprostowania, usuni\u0119cia (\u201eprawo do bycia zapomnianym\u201d);<\/li>\n\n\n\n<li>prawo wniesienia sprzeciwu wobec przetwarzania danych osobowych na potrzeby marketingu bezpo\u015bredniego, kt\u00f3re powoduje zaprzestanie przetwarzania przez nas Twoich danych w celach marketingu bezpo\u015bredniego;<\/li>\n\n\n\n<li>prawo do wniesienia sprzeciwu z przyczyn zwi\u0105zanych z Twoj\u0105 szczeg\u00f3ln\u0105 sytuacj\u0105, je\u015bli Twoje dane osobowe przetwarzamy na podstawie prawnie uzasadnionego interesu. Jednak\u017ce b\u0119dziemy dalej przetwarza\u0107 dane osobowe w niezb\u0119dnym zakresie, je\u017celi po naszej stronie b\u0119dzie istnia\u0142 szczeg\u00f3lnie uzasadniony pow\u00f3d ku temu \u2013 w takim wypadku poinformujemy Ci\u0119 o tym;<\/li>\n\n\n\n<li>prawo do przenoszenia danych przetwarzanych w zwi\u0105zku z wykonaniem umowy lub na podstawie Twojej zgody oraz prawo do ograniczenia przetwarzania danych;<\/li>\n\n\n\n<li>je\u017celi podstaw\u0105 przetwarzania danych osobowych jest Twoja zgoda, posiadasz prawo do cofni\u0119cia tej zgody w dowolnym momencie. Cofni\u0119cie zgody nie wp\u0142ywa jednak na zgodno\u015b\u0107 z prawem przetwarzania przez nas Twoich danych osobowych, kt\u00f3rego dokonali\u015bmy na podstawie zgody przed jej cofni\u0119ciem.<\/li>\n<\/ul>\n<\/li>\n\n\n\n<li>Wycofanie przez Ciebie zgody lub wniesienie sprzeciwu co do przetwarzania danych, w razie braku sformu\u0142owania przez Ciebie odmiennych zastrze\u017ce\u0144, b\u0119dzie skutkowa\u0142o w odniesieniu do wszystkich naszych us\u0142ug i Serwis\u00f3w oraz w stosunku do podmiot\u00f3w, kt\u00f3rym powierzyli\u015bmy przetwarzanie Twoich danych.<\/li>\n\n\n\n<li>Cofni\u0119cie zgody w odniesieniu do warunk\u00f3w Regulaminu i Polityki Prywatno\u015bci b\u0119dzie oznacza\u0142o usuni\u0119cie podanych przez Ciebie danych osobowych.<\/li>\n\n\n\n<li>Po wycofaniu zgody (lub wniesieniu sprzeciwu lub \u017c\u0105dania zaprzestania przetwarzania) drog\u0105 mailow\u0105 prze\u015blemy Ci, bez zb\u0119dnej zw\u0142oki potwierdzenie wp\u0142ywu Twojego o\u015bwiadczenia.<\/li>\n\n\n\n<li>Je\u017celi uwa\u017casz, \u017ce przetwarzanie przez nas Twoich danych osobowych narusza przepisy prawa, mo\u017cesz wnie\u015b\u0107 skarg\u0119 do organu nadzorczego, kt\u00f3ry zajmuje si\u0119 ochron\u0105 danych osobowych. W Polsce jest to Prezes Urz\u0119du Ochrony Danych Osobowych (wcze\u015bniej \u2013 Generalny Inspektor Ochrony Danych Osobowych).<\/li>\n<\/ol>\n\n\n\n<h4 class=\"wp-block-heading\">9. PROFILOWANIE I TARGETOWANIE<\/h4>\n\n\n\n<ol class=\"wp-block-list\">\n<li>W naszym Serwisie zamieszczamy tzw. reklamy targetowane oraz reklamy profilowane.<\/li>\n\n\n\n<li>Targetowanie polega na okre\u015bleniu odpowiednich parametr\u00f3w, kt\u00f3re pozwol\u0105 dotrze\u0107 do najbardziej interesuj\u0105cej nas grupy odbiorc\u00f3w, przy czym te parametry nie cechuj\u0105 si\u0119 du\u017c\u0105 szczeg\u00f3\u0142owo\u015bci\u0105. Z tego wzgl\u0119du mo\u017cliwe jest targetowanie reklamy w oparciu np. o wyb\u00f3r medium, czas emisji reklamy.<\/li>\n\n\n\n<li>Profilowanie z kolei, to spos\u00f3b przetwarzania danych osobowych, kt\u00f3ry polega&nbsp;<a href=\"http:\/\/m.in\/\">m.in<\/a>. na wykorzystywaniu danych osobowych do analizy lub prognozy osobistych preferencji, zainteresowa\u0144, wiarygodno\u015bci, lokalizacji, zachowania czy przemieszczania si\u0119. Stosowanie procesu profilowania umo\u017cliwia nam bardziej szczeg\u00f3\u0142ow\u0105 personalizacj\u0119 reklam i tre\u015bci prezentowanych u\u017cytkownikowi.<\/li>\n\n\n\n<li>Reklamy i tre\u015bci wy\u015bwietlane w naszym Serwisie mog\u0105 by\u0107 targetowane lub profilowane, czyli kierowane do urz\u0105dze\u0144 i przegl\u0105darek o okre\u015blonych cechach, wg r\u00f3\u017cnych kryteri\u00f3w. Je\u015bli wi\u0119c jeste\u015b mi\u0142o\u015bnikiem formy i designu to dzielimy te same pasje i ze swojej strony staramy si\u0119 dostosowa\u0107 z nasz\u0105 ofert\u0105 do Twoich aktualnych potrzeb.<\/li>\n<\/ol>\n\n\n\n<h4 class=\"wp-block-heading\">10. PLIKI COOKIES<\/h4>\n\n\n\n<ol class=\"wp-block-list\">\n<li>Pliki Cookies (ciasteczka) s\u0105 to niewielkie informacje tekstowe w postaci plik\u00f3w tekstowych, wysy\u0142ane przez serwer i zapisywane po stronie osoby odwiedzaj\u0105cej stron\u0119 Serwis (np. na dysku twardym komputera, laptopa, czy te\u017c na karcie pami\u0119ci smartfona \u2013 w zale\u017cno\u015bci z jakiego urz\u0105dzenia korzystasz). Szczeg\u00f3\u0142owe informacje dot. plik\u00f3w Cookies, a tak\u017ce histori\u0119 ich powstania mo\u017cna znale\u017a\u0107&nbsp;<a href=\"http:\/\/m.in\/\">m.in<\/a>. tutaj:&nbsp;<a href=\"http:\/\/pl.wikipedia.org\/wiki\/Ciasteczko\">http:\/\/pl.wikipedia.org\/wiki\/Ciasteczko<\/a>.<\/li>\n\n\n\n<li>Administrator mo\u017ce przetwarza\u0107 dane zawarte w plikach Cookies podczas korzystania przez odwiedzaj\u0105cych z Serwisu w nast\u0119puj\u0105cych celach:\n<ul class=\"wp-block-list\">\n<li>zapami\u0119tywania produkt\u00f3w dodanych do koszyka w celu z\u0142o\u017cenia zam\u00f3wienia;<\/li>\n\n\n\n<li>zapami\u0119tywania danych z wype\u0142nianych Formularzy zam\u00f3wienia lub ankiet;<\/li>\n\n\n\n<li>dostosowywania zawarto\u015bci Serwisu do indywidualnych preferencji u\u017cytkownika (np. dotycz\u0105cych kolor\u00f3w, rozmiaru czcionki, uk\u0142adu strony) oraz optymalizacji korzystania z Serwisu;<\/li>\n\n\n\n<li>prowadzenia anonimowych statystyk przedstawiaj\u0105cych spos\u00f3b korzystania z Serwisu.<\/li>\n<\/ul>\n<\/li>\n\n\n\n<li>Standardowo wi\u0119kszo\u015b\u0107 przegl\u0105darek internetowych dost\u0119pnych na rynku domy\u015blnie akceptuje zapisywanie plik\u00f3w Cookies. Ka\u017cdy ma mo\u017cliwo\u015b\u0107 okre\u015blenia warunk\u00f3w korzystania z plik\u00f3w Cookies za pomoc\u0105 ustawie\u0144 w\u0142asnej przegl\u0105darki internetowej. Oznacza to, \u017ce mo\u017cna np. cz\u0119\u015bciowo ograniczy\u0107 (np. czasowo) lub ca\u0142kowicie wy\u0142\u0105czy\u0107 mo\u017cliwo\u015b\u0107 zapisywania plik\u00f3w Cookies \u2013 w tym ostatnim wypadku jednak mo\u017ce to mie\u0107 wp\u0142yw na niekt\u00f3re funkcjonalno\u015bci Serwisu (przyk\u0142adowo niemo\u017cliwym mo\u017ce okaza\u0107 si\u0119 przej\u015bcie \u015bcie\u017cki zam\u00f3wienia poprzez formularz zam\u00f3wienia z uwagi na niezapami\u0119tywanie produkt\u00f3w w koszyku podczas kolejnych krok\u00f3w sk\u0142adania zam\u00f3wienia).<\/li>\n\n\n\n<li>Szczeg\u00f3\u0142owe informacje na temat zmiany ustawie\u0144 dotycz\u0105cych plik\u00f3w Cookies oraz ich samodzielnego usuwania w najpopularniejszych przegl\u0105darkach internetowych dost\u0119pne s\u0105 w dziale pomocy przegl\u0105darki internetowej.<\/li>\n\n\n\n<li>Administrator przetwarza r\u00f3wnie\u017c zanonimizowane dane eksploatacyjne zwi\u0105zane z korzystaniem z Serwisu (tzw. logi \u2013 adres IP, domena) do generowania statystyk pomocnych w administrowaniu Serwisem. Dane te maj\u0105 charakter zbiorczy i anonimowy, tj. nie zawieraj\u0105 cech identyfikuj\u0105cych osoby odwiedzaj\u0105ce Serwis. Logi nie s\u0105 ujawniane osobom trzecim.<\/li>\n<\/ol>\n\n\n\n<h4 class=\"wp-block-heading\">11. PROCEDURA ZMIAN POLITYKI PRYWATNO\u015aCI<\/h4>\n\n\n\n<p>Nasza oferta b\u0119dzie z czasem ulega\u0107 rozszerzeniu. Zmianie b\u0119d\u0105 r\u00f3wnie\u017c ulega\u0142y technologie, standardy i wymagania zwi\u0105zane z prowadzeniem dzia\u0142alno\u015bci w Internecie. Oznacza to, \u017ce w przysz\u0142o\u015bci b\u0119dziemy mogli, a czasem b\u0119dziemy musieli, wprowadza\u0107 modyfikacje w Polityce Prywatno\u015bci. Wraz z ka\u017cd\u0105 zmian\u0105, nowa wersja Polityki Prywatno\u015bci b\u0119dzie pojawia\u0142a si\u0119 na stronach Serwisu wraz ze stosownym komunikatem i b\u0119dzie obowi\u0105zywa\u0142a w nowym brzmieniu, od dnia powiadomienia o jej zmianie.<\/p>\n\n\n\n<p><strong>Organ nadzoruj\u0105cy<\/strong><br>Strona:&nbsp;<a href=\"https:\/\/www.uodo.gov.pl\/\" target=\"_blank\" rel=\"noreferrer noopener\">https:\/\/www.uodo.gov.pl\/<\/a><br>Email:&nbsp;<a href=\"mailto:kancelaria@uodo.gov.pl\">kancelaria@uodo.gov.pl<\/a><br>Telefon: +48 606 950 000<\/p>\n\n\n\n<p>Ostatnia zmiana: 24.11.2024<\/p>\n","protected":false},"excerpt":{"rendered":"<p>POLITYKA PRYWATNO\u015aCI Korzystaj\u0105c z tej witryny lub\/i naszych us\u0142ug, wyra\u017casz zgod\u0119 na przetwarzanie swoich danych osobowych zgodnie z niniejsz\u0105 Polityk\u0105 Prywatno\u015bci. 1. INFORMACJE OG\u00d3LNE DOTYCZ\u0104CE POLITYKI PRYWATNO\u015aCI 2. KTO JEST ADMINISTRATOREM TWOICH DANYCH? 3. JAK I DLACZEGO ZBIERAMY TWOJE DANE? 4. NA JAKIEJ PODSTAWIE PRZETWARZAMY TWOJE DANE? 5. CZY PODANIE DANYCH JEST OBOWI\u0104ZKOWE? 6. CZY [&hellip;]<\/p>\n","protected":false},"author":1,"featured_media":0,"parent":0,"menu_order":0,"comment_status":"closed","ping_status":"open","template":"","meta":{"inline_featured_image":false,"footnotes":""},"folder":[],"class_list":["post-3","page","type-page","status-publish","hentry"],"blocksy_meta":[],"jetpack_sharing_enabled":true,"_links":{"self":[{"href":"https:\/\/wielonki.pl\/en\/wp-json\/wp\/v2\/pages\/3","targetHints":{"allow":["GET"]}}],"collection":[{"href":"https:\/\/wielonki.pl\/en\/wp-json\/wp\/v2\/pages"}],"about":[{"href":"https:\/\/wielonki.pl\/en\/wp-json\/wp\/v2\/types\/page"}],"author":[{"embeddable":true,"href":"https:\/\/wielonki.pl\/en\/wp-json\/wp\/v2\/users\/1"}],"replies":[{"embeddable":true,"href":"https:\/\/wielonki.pl\/en\/wp-json\/wp\/v2\/comments?post=3"}],"version-history":[{"count":8,"href":"https:\/\/wielonki.pl\/en\/wp-json\/wp\/v2\/pages\/3\/revisions"}],"predecessor-version":[{"id":5859,"href":"https:\/\/wielonki.pl\/en\/wp-json\/wp\/v2\/pages\/3\/revisions\/5859"}],"wp:attachment":[{"href":"https:\/\/wielonki.pl\/en\/wp-json\/wp\/v2\/media?parent=3"}],"wp:term":[{"taxonomy":"folder","embeddable":true,"href":"https:\/\/wielonki.pl\/en\/wp-json\/wp\/v2\/folder?post=3"}],"curies":[{"name":"wp","href":"https:\/\/api.w.org\/{rel}","templated":true}]}}