{"id":978,"date":"2023-10-11T19:56:31","date_gmt":"2023-10-11T18:56:31","guid":{"rendered":"https:\/\/wielonki.pl\/?page_id=978"},"modified":"2025-07-30T12:46:12","modified_gmt":"2025-07-30T11:46:12","slug":"formy-platnosci","status":"publish","type":"page","link":"https:\/\/wielonki.pl\/en\/formy-platnosci\/","title":{"rendered":"Payments"},"content":{"rendered":"<h3 class=\"wp-block-heading has-medium-font-size\">There are currently two forms of payment available to our customers:<\/h3>\n\n\n\n<h3 class=\"wp-block-heading has-medium-font-size\"><strong>Transfer to bank account<\/strong><\/h3>\n\n\n\n<p>Transfer via online bank, at a bank branch or at the post office. Once the ordered goods have been reserved, the customer receives by e-mail the bank account number to which the correct amount of money should be transferred. As soon as the payment is noted on the shops bank account, the order will be prepared for dispatch. The buyer has two working days to make the transfer.<\/p>\n\n\n\n<h3 class=\"wp-block-heading has-medium-font-size\"><strong>Autopay payment gateway<\/strong><\/h3>\n\n\n\n<p>Payment via a payment gateway enables payment in the form of Blik payments, Mastercard, Visa, Google Pay, Apple Pay, Online Bank Transfer, Alior Raty, PayPo.<\/p>\n\n\n\n<figure class=\"wp-block-image size-full\"><img loading=\"lazy\" decoding=\"async\" width=\"800\" height=\"132\" src=\"https:\/\/wielonki.pl\/wp-content\/uploads\/2024\/11\/800x132-bankpay.png\" alt=\"\" class=\"wp-image-6010\" srcset=\"https:\/\/wielonki.pl\/wp-content\/uploads\/2024\/11\/800x132-bankpay.png 800w, https:\/\/wielonki.pl\/wp-content\/uploads\/2024\/11\/800x132-bankpay-768x127.png 768w, https:\/\/wielonki.pl\/wp-content\/uploads\/2024\/11\/800x132-bankpay-18x3.png 18w, https:\/\/wielonki.pl\/wp-content\/uploads\/2024\/11\/800x132-bankpay-300x50.png 300w, https:\/\/wielonki.pl\/wp-content\/uploads\/2024\/11\/800x132-bankpay-600x99.png 600w\" sizes=\"auto, (max-width: 800px) 100vw, 800px\" \/><\/figure>\n\n\n\n<p><\/p>","protected":false},"excerpt":{"rendered":"<p>Aktualnie dost\u0119pne s\u0105 dwie formy p\u0142atno\u015bci dla naszych Klient\u00f3w: Przelew na konto bankowe Przelew&nbsp;poprzez bank internetowy, w plac\u00f3wce banku lub na poczcie. Po zarezerwowaniu zam\u00f3wionego towaru, klient otrzymuje mailem numer rachunku bankowego, na kt\u00f3ry nale\u017cy przela\u0107 w\u0142a\u015bciw\u0105 kwot\u0119. Z chwil\u0105 zaksi\u0119gowania wp\u0142aty na rachunku bankowym zam\u00f3wienie jest przygotowywane do wysy\u0142ki. Kupuj\u0105cy ma dwa dni robocze [&hellip;]<\/p>\n","protected":false},"author":1,"featured_media":0,"parent":0,"menu_order":0,"comment_status":"closed","ping_status":"closed","template":"","meta":{"inline_featured_image":false,"footnotes":""},"folder":[],"class_list":["post-978","page","type-page","status-publish","hentry"],"blocksy_meta":[],"jetpack_sharing_enabled":true,"_links":{"self":[{"href":"https:\/\/wielonki.pl\/en\/wp-json\/wp\/v2\/pages\/978","targetHints":{"allow":["GET"]}}],"collection":[{"href":"https:\/\/wielonki.pl\/en\/wp-json\/wp\/v2\/pages"}],"about":[{"href":"https:\/\/wielonki.pl\/en\/wp-json\/wp\/v2\/types\/page"}],"author":[{"embeddable":true,"href":"https:\/\/wielonki.pl\/en\/wp-json\/wp\/v2\/users\/1"}],"replies":[{"embeddable":true,"href":"https:\/\/wielonki.pl\/en\/wp-json\/wp\/v2\/comments?post=978"}],"version-history":[{"count":4,"href":"https:\/\/wielonki.pl\/en\/wp-json\/wp\/v2\/pages\/978\/revisions"}],"predecessor-version":[{"id":8802,"href":"https:\/\/wielonki.pl\/en\/wp-json\/wp\/v2\/pages\/978\/revisions\/8802"}],"wp:attachment":[{"href":"https:\/\/wielonki.pl\/en\/wp-json\/wp\/v2\/media?parent=978"}],"wp:term":[{"taxonomy":"folder","embeddable":true,"href":"https:\/\/wielonki.pl\/en\/wp-json\/wp\/v2\/folder?post=978"}],"curies":[{"name":"wp","href":"https:\/\/api.w.org\/{rel}","templated":true}]}}