{"id":987,"date":"2023-10-11T20:03:14","date_gmt":"2023-10-11T19:03:14","guid":{"rendered":"https:\/\/wielonki.pl\/?page_id=987"},"modified":"2025-08-06T11:25:19","modified_gmt":"2025-08-06T10:25:19","slug":"czas-i-koszt-dostawy","status":"publish","type":"page","link":"https:\/\/wielonki.pl\/en\/czas-i-koszt-dostawy\/","title":{"rendered":"Delivery terms"},"content":{"rendered":"<p class=\"has-large-font-size\"><strong>Delivery options<\/strong><\/p>\n\n\n\n<p class=\"has-medium-font-size\"><strong>In Poland<\/strong>:<\/p>\n\n\n\n<p><strong>Paczkomaty InPost<\/strong><\/p>\n\n\n\n<p>Delivery to a Paczkomat machine, parcels up to 25 kg, delivery cost is 20 z\u0142.<\/p>\n\n\n\n<p><strong>InPost courier to the address:<\/strong><\/p>\n\n\n\n<p>Delivery to a specified address, parcels up to 25 kg, delivery cost is 25 z\u0142.<\/p>\n\n\n\n<p><\/p>\n\n\n\n<p class=\"has-medium-font-size\"><strong>In European Union:<\/strong><\/p>\n\n\n\n<p><strong>Shipping abroad:<\/strong><\/p>\n\n\n\n<p>Shipment by international courier service of the DPD, the cost of shipment is depending on the recipient country.<\/p>\n\n\n\n<p>If you have problems setting up delivery options, please contact us under wielonki@gmail.com<\/p>\n\n\n\n<p><\/p>\n\n\n\n<p class=\"has-medium-font-size\"><strong>Time and price:<\/strong><\/p>\n\n\n\n<p><strong>Shipment times and the current delivery price for individual goods can be found on the product pages in the shop.<\/strong><\/p>\n\n\n\n<p><strong>Domestic shipments are usually delivered within two days. International shipments should be delivered in a maximum of 5 to 8 days depending on the country of destination within the European Union.<\/strong><\/p>\n\n\n\n<p><strong>The time stated refers to the preparation of the product for dispatch. Travel time must be added to the time stated. Under normal circumstances (outside of holiday time) products are dispatched earlier than stated on the product pages (e.g. for products in stock it is usually the next working day, for made to order products it is sometimes only a few days).<\/strong><\/p>\n\n\n\n<p><strong>In the case of the purchase of products with different delivery times, dispatch only takes place once both products have been prepared.<\/strong><\/p>\n\n\n\n<p><\/p>","protected":false},"excerpt":{"rendered":"<p>Opcje dostawy towaru: Na terenie Polski: Paczkomaty InPost: Dostawa do paczkomatu, paczki do 25 kg, koszt dostawy to&nbsp;20 z\u0142. Kurier InPost na adres: Dostawa na wskazany adres, paczki do 25 kg, koszt dostawy to&nbsp;25 z\u0142. Na terenie Unii Europejskiej: Wysy\u0142ka za granic\u0119: Wysy\u0142ka kurierem mi\u0119dzynarodowym DPD, koszt zmienny wed\u0142ug pa\u0144stwa odbiorcy. W przypadku problem\u00f3w z [&hellip;]<\/p>\n","protected":false},"author":1,"featured_media":0,"parent":0,"menu_order":0,"comment_status":"closed","ping_status":"closed","template":"","meta":{"inline_featured_image":false,"footnotes":""},"folder":[],"class_list":["post-987","page","type-page","status-publish","hentry"],"blocksy_meta":[],"jetpack_sharing_enabled":true,"_links":{"self":[{"href":"https:\/\/wielonki.pl\/en\/wp-json\/wp\/v2\/pages\/987","targetHints":{"allow":["GET"]}}],"collection":[{"href":"https:\/\/wielonki.pl\/en\/wp-json\/wp\/v2\/pages"}],"about":[{"href":"https:\/\/wielonki.pl\/en\/wp-json\/wp\/v2\/types\/page"}],"author":[{"embeddable":true,"href":"https:\/\/wielonki.pl\/en\/wp-json\/wp\/v2\/users\/1"}],"replies":[{"embeddable":true,"href":"https:\/\/wielonki.pl\/en\/wp-json\/wp\/v2\/comments?post=987"}],"version-history":[{"count":6,"href":"https:\/\/wielonki.pl\/en\/wp-json\/wp\/v2\/pages\/987\/revisions"}],"predecessor-version":[{"id":8853,"href":"https:\/\/wielonki.pl\/en\/wp-json\/wp\/v2\/pages\/987\/revisions\/8853"}],"wp:attachment":[{"href":"https:\/\/wielonki.pl\/en\/wp-json\/wp\/v2\/media?parent=987"}],"wp:term":[{"taxonomy":"folder","embeddable":true,"href":"https:\/\/wielonki.pl\/en\/wp-json\/wp\/v2\/folder?post=987"}],"curies":[{"name":"wp","href":"https:\/\/api.w.org\/{rel}","templated":true}]}}