{"id":1036,"date":"2023-10-12T09:52:18","date_gmt":"2023-10-12T08:52:18","guid":{"rendered":"https:\/\/wielonki.pl\/?post_type=product&#038;p=1036"},"modified":"2026-01-22T16:11:45","modified_gmt":"2026-01-22T15:11:45","slug":"kapturki-klasyczne-moherkowe","status":"publish","type":"product","link":"https:\/\/wielonki.pl\/en\/product\/kapturki-klasyczne-moherkowe\/","title":{"rendered":"Mohair Balaclavas"},"content":{"rendered":"<p>A product designed and created in the one-person wielonki studio.<\/p>\n<p>This balaclava has been handmade from warm wool. The hood has a mohair trim.<\/p>\n<p>Yarn composition: 77% alpaca wool, 23% silk.<\/p>\n<p>The yarn is mulesing free cerified.<\/p>\n<p>Size \u2013 universal (55 to 60 cm head circumference). There is a possibility to make one in other size \u2013 please state your head circumference in the notes to the order.<\/p>\n<p>\u273f<br \/>\nThe photographs with the model were taken by Dominika Wi\u015bniewska, more of her work can be found on her instagram: @wisniewska.fotografia<\/p>\n<p>Posed by Julia, her profile on instagram is: @aftrjulia<\/p>\n<p>\u273f<\/p>\n<p>Care:<\/p>\n<p>Above all, wool products do not need to be washed very often if it is not necessary. Simply airing them is sufficient.<\/p>\n<p>Prepare 2 towels, a mild detergent (fabric softener, special wool liquid or natural shampoo).<\/p>\n<p>1. Wash the balaclava by hand only \u2013 use gentle strokes, do not stretch the fabric. Use a mild detergent. Gentle shampoos with natural ingredients work well.<\/p>\n<p>2. After washing, the balaclava should be spread out on a towel, roll out gently any excess water squeezed out \u2013 this will prevent the fabric from deforming during drying.<\/p>\n<p>3. The last steps are easy! Spread the balaclava on a dry towel, shape and dry flat only.<\/p>\n<p>\u2661<\/p>","protected":false},"excerpt":{"rendered":"<p>Produkt zaprojektowany i stworzony w jednoosobowej pracowni wielonkowej. Ten kapturek zosta\u0142 wykonany r\u0119cznie z ciep\u0142ej we\u0142ny. Kapturek ma moherkowe wyko\u0144czenie. Sk\u0142ad w\u0142\u00f3czki: 77% we\u0142na z alpaki, 23% jedwab. W\u0142\u00f3czka posiada certyfikat mulesing free. Rozmiar \u2013 uniwersalny (55 do 60 cm obw\u00f3d g\u0142owy). Istnieje mo\u017cliwo\u015b\u0107 zam\u00f3wienia pod inne wymiary \u2013 informacj\u0119 o obwodzie g\u0142owy prosz\u0119 poda\u0107 [&hellip;]<\/p>\n","protected":false},"featured_media":5298,"template":"","meta":{"inline_featured_image":false},"product_brand":[],"product_cat":[23],"product_tag":[87],"class_list":{"0":"post-1036","1":"product","2":"type-product","3":"status-publish","4":"has-post-thumbnail","6":"product_cat-kapturki","7":"product_tag-kapturekwelniany","9":"first","10":"instock","11":"shipping-taxable","12":"purchasable","13":"product-type-variable","14":"has-default-attributes"},"jetpack_sharing_enabled":true,"_links":{"self":[{"href":"https:\/\/wielonki.pl\/en\/wp-json\/wp\/v2\/product\/1036","targetHints":{"allow":["GET"]}}],"collection":[{"href":"https:\/\/wielonki.pl\/en\/wp-json\/wp\/v2\/product"}],"about":[{"href":"https:\/\/wielonki.pl\/en\/wp-json\/wp\/v2\/types\/product"}],"wp:featuredmedia":[{"embeddable":true,"href":"https:\/\/wielonki.pl\/en\/wp-json\/wp\/v2\/media\/5298"}],"wp:attachment":[{"href":"https:\/\/wielonki.pl\/en\/wp-json\/wp\/v2\/media?parent=1036"}],"wp:term":[{"taxonomy":"product_brand","embeddable":true,"href":"https:\/\/wielonki.pl\/en\/wp-json\/wp\/v2\/product_brand?post=1036"},{"taxonomy":"product_cat","embeddable":true,"href":"https:\/\/wielonki.pl\/en\/wp-json\/wp\/v2\/product_cat?post=1036"},{"taxonomy":"product_tag","embeddable":true,"href":"https:\/\/wielonki.pl\/en\/wp-json\/wp\/v2\/product_tag?post=1036"}],"curies":[{"name":"wp","href":"https:\/\/api.w.org\/{rel}","templated":true}]}}