{"id":1253,"date":"2023-10-28T12:58:18","date_gmt":"2023-10-28T11:58:18","guid":{"rendered":"https:\/\/wielonki.pl\/?post_type=product&#038;p=1253"},"modified":"2026-01-22T16:07:13","modified_gmt":"2026-01-22T15:07:13","slug":"bonetki-w-truskawki-dla-dzieci","status":"publish","type":"product","link":"https:\/\/wielonki.pl\/en\/product\/bonetki-w-truskawki-dla-dzieci\/","title":{"rendered":"Bonnets with Strawberries for children"},"content":{"rendered":"<p>A product designed and created in the one-person wielonki studio.<\/p>\n<p>Ma\u0142a bonetka dla niemowl\u0105t i dzieci do pierwszego roku \u017cycia.<\/p>\n<p>Yarn composition: 65% alpaca wool, 28% poliamid, 7% merino wool.<\/p>\n<p>The yarn is mulesing free cerified.<\/p>\n<p>Care:<\/p>\n<p>Above all, wool products do not need to be washed very often if it is not necessary. Simply airing them is sufficient.<\/p>\n<p>Prepare 2 towels, a mild detergent (fabric softener, special wool liquid or natural shampoo).<\/p>\n<p>1. Wash the bonnet by hand only \u2013 use gentle strokes, do not stretch the fabric. Use a mild detergent. Gentle shampoos with natural ingredients work well.<\/p>\n<p>2. After washing, the bonnet should be spread out on a towel, roll out gently any excess water squeezed out \u2013 this will prevent the fabric from deforming during drying.<\/p>\n<p>3. The last steps are easy! Spread the bonnet on a dry towel, shape and dry flat only.<\/p>\n<p>\u2661<\/p>","protected":false},"excerpt":{"rendered":"<p>Produkt zaprojektowany i stworzony w jednoosobowej pracowni wielonkowej. Ma\u0142a bonetka dla niemowl\u0105t i dzieci do pierwszego roku \u017cycia. Sk\u0142ad w\u0142\u00f3czki: 65% we\u0142na alpaki, 28% poliamid, 7% we\u0142na merynosa. W\u0142\u00f3czka posiada certyfikat mulesing free. Piel\u0119gnacja: Przede wszystkim produkty we\u0142niane nie wymagaj\u0105 cz\u0119stego prania, je\u015bli nie jest to konieczne. Wystarczy je przewietrzy\u0107. Przygotuj 2 r\u0119czniki, delikatny detergent [&hellip;]<\/p>\n","protected":false},"featured_media":1258,"template":"","meta":{"inline_featured_image":false},"product_brand":[],"product_cat":[83,79],"product_tag":[],"class_list":{"0":"post-1253","1":"product","2":"type-product","3":"status-publish","4":"has-post-thumbnail","6":"product_cat-bonetkidladzieci","7":"product_cat-kolekcja-wonderland","9":"first","10":"instock","11":"shipping-taxable","12":"purchasable","13":"product-type-variable","14":"has-default-attributes"},"jetpack_sharing_enabled":true,"_links":{"self":[{"href":"https:\/\/wielonki.pl\/en\/wp-json\/wp\/v2\/product\/1253","targetHints":{"allow":["GET"]}}],"collection":[{"href":"https:\/\/wielonki.pl\/en\/wp-json\/wp\/v2\/product"}],"about":[{"href":"https:\/\/wielonki.pl\/en\/wp-json\/wp\/v2\/types\/product"}],"wp:featuredmedia":[{"embeddable":true,"href":"https:\/\/wielonki.pl\/en\/wp-json\/wp\/v2\/media\/1258"}],"wp:attachment":[{"href":"https:\/\/wielonki.pl\/en\/wp-json\/wp\/v2\/media?parent=1253"}],"wp:term":[{"taxonomy":"product_brand","embeddable":true,"href":"https:\/\/wielonki.pl\/en\/wp-json\/wp\/v2\/product_brand?post=1253"},{"taxonomy":"product_cat","embeddable":true,"href":"https:\/\/wielonki.pl\/en\/wp-json\/wp\/v2\/product_cat?post=1253"},{"taxonomy":"product_tag","embeddable":true,"href":"https:\/\/wielonki.pl\/en\/wp-json\/wp\/v2\/product_tag?post=1253"}],"curies":[{"name":"wp","href":"https:\/\/api.w.org\/{rel}","templated":true}]}}