{"id":1561,"date":"2023-12-04T21:13:00","date_gmt":"2023-12-04T20:13:00","guid":{"rendered":"https:\/\/wielonki.pl\/?post_type=product&#038;p=1561"},"modified":"2026-01-22T16:03:04","modified_gmt":"2026-01-22T15:03:04","slug":"kapturki-z-troczkami-moherkowe","status":"publish","type":"product","link":"https:\/\/wielonki.pl\/en\/product\/kapturki-z-troczkami-moherkowe\/","title":{"rendered":"Drawstring Balaclavas"},"content":{"rendered":"<p>A product designed and created in the one-person wielonki studio.<\/p>\n<p>The balaclava is handmade from warm wool and has drawstrings so you can adjust it to fit your head. The balaclava has a mohair trim.<\/p>\n<p>Yarn composition: 96% alpaca, 4% nylon.<\/p>\n<p>The yarn is mulesing free cerified.<\/p>\n<p>Care:<\/p>\n<p>Above all, wool products do not need to be washed very often if it is not necessary. Simply airing them is sufficient.<\/p>\n<p>Prepare 2 towels, a mild detergent (fabric softener, special wool liquid or natural shampoo).<\/p>\n<p>1. Wash the hood by hand only \u2013 use gentle strokes, do not stretch the fabric. Use a mild detergent. Gentle shampoos with natural ingredients work well.<\/p>\n<p>2. After washing, the hood should be spread out on a towel and rolled gently, the excess water will be squeezed out \u2013 this will prevent the fabric from deforming during drying.<\/p>\n<p>3. The last steps are easy! Spread the balaclava on a dry towel, shape and dry flat only.<\/p>\n<p>\u2661<\/p>","protected":false},"excerpt":{"rendered":"<p>Produkt zaprojektowany i stworzony w jednoosobowej pracowni wielonkowej. Kapturek wykonany r\u0119cznie z ciep\u0142ej we\u0142ny, posiada troczki dzi\u0119ki kt\u00f3rym mo\u017cesz dopasowa\u0107 go do g\u0142owy. Kapturek ma moherkowe wyko\u0144czenie. Sk\u0142ad w\u0142\u00f3czki: 96% alpaka, 4% nylon. W\u0142\u00f3czka posiada certyfikat mulesing free. Piel\u0119gnacja: Przede wszystkim produkty we\u0142niane nie wymagaj\u0105 cz\u0119stego prania, je\u015bli nie jest to konieczne. Wystarczy je przewietrzy\u0107. [&hellip;]<\/p>\n","protected":false},"featured_media":1545,"template":"","meta":{"inline_featured_image":false},"product_brand":[],"product_cat":[80],"product_tag":[],"class_list":{"0":"post-1561","1":"product","2":"type-product","3":"status-publish","4":"has-post-thumbnail","6":"product_cat-kapturki-z-troczkami","8":"first","9":"instock","10":"shipping-taxable","11":"purchasable","12":"product-type-variable","13":"has-default-attributes"},"jetpack_sharing_enabled":true,"_links":{"self":[{"href":"https:\/\/wielonki.pl\/en\/wp-json\/wp\/v2\/product\/1561","targetHints":{"allow":["GET"]}}],"collection":[{"href":"https:\/\/wielonki.pl\/en\/wp-json\/wp\/v2\/product"}],"about":[{"href":"https:\/\/wielonki.pl\/en\/wp-json\/wp\/v2\/types\/product"}],"wp:featuredmedia":[{"embeddable":true,"href":"https:\/\/wielonki.pl\/en\/wp-json\/wp\/v2\/media\/1545"}],"wp:attachment":[{"href":"https:\/\/wielonki.pl\/en\/wp-json\/wp\/v2\/media?parent=1561"}],"wp:term":[{"taxonomy":"product_brand","embeddable":true,"href":"https:\/\/wielonki.pl\/en\/wp-json\/wp\/v2\/product_brand?post=1561"},{"taxonomy":"product_cat","embeddable":true,"href":"https:\/\/wielonki.pl\/en\/wp-json\/wp\/v2\/product_cat?post=1561"},{"taxonomy":"product_tag","embeddable":true,"href":"https:\/\/wielonki.pl\/en\/wp-json\/wp\/v2\/product_tag?post=1561"}],"curies":[{"name":"wp","href":"https:\/\/api.w.org\/{rel}","templated":true}]}}