{"id":1831,"date":"2024-02-06T14:53:02","date_gmt":"2024-02-06T13:53:02","guid":{"rendered":"https:\/\/wielonki.pl\/?post_type=product&#038;p=1831"},"modified":"2026-01-22T15:58:21","modified_gmt":"2026-01-22T14:58:21","slug":"halinka-scarf-medium","status":"publish","type":"product","link":"https:\/\/wielonki.pl\/en\/product\/halinka-scarf-medium\/","title":{"rendered":"Halinka Headscarfs"},"content":{"rendered":"<p>A product designed and created in the one-person wielonki studio.<\/p>\n<p>Knitted on a home knitting machine from soft merino wool.<\/p>\n<p>Headscarft dedicated to Halinka, a memory of my grandmother surrounded by flowers, strolling through the garden, picking fresh fruit and vegetables in summer.<\/p>\n<p>Yarn composition: 100% merino wool.<\/p>\n<p>\u273f<\/p>\n<p>Care:<\/p>\n<p>Above all, wool products do not need to be washed very often if it is not necessary. Simply airing them is sufficient.<\/p>\n<p>Prepare 2 towels, a mild detergent (fabric softener, special wool liquid or natural shampoo).<\/p>\n<p>1. Wash the headscarf by hand only \u2013 use gentle strokes, do not stretch the fabric. Use a mild detergent. Gentle shampoos with natural ingredients work well.<\/p>\n<p>2. After washing, the headscarf should be spread out on a towel, roll out gently any excess water squeezed out \u2013 this will prevent the fabric from deforming during drying.<\/p>\n<p>3. The last steps are easy! Spread the headscarf on a dry towel, shape and dry flat only.<\/p>\n<p>\u2661<\/p>","protected":false},"excerpt":{"rendered":"<p>Produkt zaprojektowany i stworzony w jednoosobowej pracowni wielonkowej. Chustki wykonane na maszynie dziewiarskiej z mi\u0119ciutkiej we\u0142ny merynosa. Chustki po\u015bwi\u0119cone Halince, wspomnieniu babci otoczonej kwiatami, przechadzaj\u0105cej si\u0119 po ogrodzie, zbieraj\u0105cej latem \u015bwie\u017ce owoce i warzywa. Sk\u0142ad: 100% we\u0142na merynosa. \u273f Piel\u0119gnacja: Przede wszystkim produkty we\u0142niane nie wymagaj\u0105 cz\u0119stego prania, je\u015bli nie jest to konieczne. Wystarczy je [&hellip;]<\/p>\n","protected":false},"featured_media":4801,"template":"","meta":{"inline_featured_image":false},"product_brand":[],"product_cat":[33],"product_tag":[],"class_list":{"0":"post-1831","1":"product","2":"type-product","3":"status-publish","4":"has-post-thumbnail","6":"product_cat-chustki","8":"first","9":"instock","10":"shipping-taxable","11":"purchasable","12":"product-type-variable","13":"has-default-attributes"},"jetpack_sharing_enabled":true,"_links":{"self":[{"href":"https:\/\/wielonki.pl\/en\/wp-json\/wp\/v2\/product\/1831","targetHints":{"allow":["GET"]}}],"collection":[{"href":"https:\/\/wielonki.pl\/en\/wp-json\/wp\/v2\/product"}],"about":[{"href":"https:\/\/wielonki.pl\/en\/wp-json\/wp\/v2\/types\/product"}],"wp:featuredmedia":[{"embeddable":true,"href":"https:\/\/wielonki.pl\/en\/wp-json\/wp\/v2\/media\/4801"}],"wp:attachment":[{"href":"https:\/\/wielonki.pl\/en\/wp-json\/wp\/v2\/media?parent=1831"}],"wp:term":[{"taxonomy":"product_brand","embeddable":true,"href":"https:\/\/wielonki.pl\/en\/wp-json\/wp\/v2\/product_brand?post=1831"},{"taxonomy":"product_cat","embeddable":true,"href":"https:\/\/wielonki.pl\/en\/wp-json\/wp\/v2\/product_cat?post=1831"},{"taxonomy":"product_tag","embeddable":true,"href":"https:\/\/wielonki.pl\/en\/wp-json\/wp\/v2\/product_tag?post=1831"}],"curies":[{"name":"wp","href":"https:\/\/api.w.org\/{rel}","templated":true}]}}