{"id":195,"date":"2023-09-19T16:44:26","date_gmt":"2023-09-19T15:44:26","guid":{"rendered":"https:\/\/wielonki.pl\/?post_type=product&#038;p=195"},"modified":"2026-01-22T16:25:41","modified_gmt":"2026-01-22T15:25:41","slug":"kokardki-przypinane","status":"publish","type":"product","link":"https:\/\/wielonki.pl\/en\/product\/kokardki-przypinane\/","title":{"rendered":"Clip-on Headbows"},"content":{"rendered":"<p>A product designed and created in the one-person wielonki studio.<\/p>\n<p>A cute little accessory for hair and clothes.<\/p>\n<p>We make our headbow ties using a home knitting machine from leftover yarns. The headbows are cliped on using small metal clothespins.<\/p>\n<p>Yarn composition (yellow, light brown, blue): mohair.<\/p>\n<p>Yarn composition (green): merino.<\/p>\n<p>Size: 11 cm x 11 cm.<\/p>\n<p>\u273f<\/p>\n<p>Care:<\/p>\n<p>Above all, wool products do not need to be washed very often if it is not necessary. Simply airing them is sufficient.<\/p>\n<p>Prepare 2 towels, a mild detergent (fabric softener, special wool liquid or natural shampoo).<\/p>\n<p>1. Wash the headbows by hand only \u2013 use gentle strokes, do not stretch the fabric. Use a mild detergent. Gentle shampoos with natural ingredients work well.<\/p>\n<p>2. After washing, the headbows should be spread out on a towel, roll out gently any excess water squeezed out \u2013 this will prevent the fabric from deforming during drying.<\/p>\n<p>3. The last steps are easy! Spread the headbows on a dry towel, shape and dry flat only.<\/p>\n<p>The colour of the product may look different on different displays.<\/p>\n<p>\u2661<\/p>","protected":false},"excerpt":{"rendered":"<p>Produkt zaprojektowany i stworzony w jednoosobowej pracowni wielonkowej. Ma\u0142y, uroczy dodatek do w\u0142os\u00f3w i ubra\u0144. Kokardki wykonujemy przy pomocy domowej maszyny dziewiarskiej z ko\u0144c\u00f3wek motk\u00f3w. Kokardki wysy\u0142ane s\u0105 przypinane przy pomocy ma\u0142ych metalowych klamerek. Sk\u0142ad (\u017c\u00f3\u0142ta, jasny br\u0105z, niebieski): moher. Sk\u0142ad (zielona): merino. Wymiary: 11 cm x 11 cm. \u273f Piel\u0119gnacja: Przede wszystkim produkty we\u0142niane [&hellip;]<\/p>\n","protected":false},"featured_media":196,"template":"","meta":{"inline_featured_image":false},"product_brand":[],"product_cat":[29],"product_tag":[89],"class_list":{"0":"post-195","1":"product","2":"type-product","3":"status-publish","4":"has-post-thumbnail","6":"product_cat-kokardki","7":"product_tag-kokardkawelniana","9":"first","10":"outofstock","11":"shipping-taxable","12":"purchasable","13":"product-type-variable","14":"has-default-attributes"},"jetpack_sharing_enabled":true,"_links":{"self":[{"href":"https:\/\/wielonki.pl\/en\/wp-json\/wp\/v2\/product\/195","targetHints":{"allow":["GET"]}}],"collection":[{"href":"https:\/\/wielonki.pl\/en\/wp-json\/wp\/v2\/product"}],"about":[{"href":"https:\/\/wielonki.pl\/en\/wp-json\/wp\/v2\/types\/product"}],"wp:featuredmedia":[{"embeddable":true,"href":"https:\/\/wielonki.pl\/en\/wp-json\/wp\/v2\/media\/196"}],"wp:attachment":[{"href":"https:\/\/wielonki.pl\/en\/wp-json\/wp\/v2\/media?parent=195"}],"wp:term":[{"taxonomy":"product_brand","embeddable":true,"href":"https:\/\/wielonki.pl\/en\/wp-json\/wp\/v2\/product_brand?post=195"},{"taxonomy":"product_cat","embeddable":true,"href":"https:\/\/wielonki.pl\/en\/wp-json\/wp\/v2\/product_cat?post=195"},{"taxonomy":"product_tag","embeddable":true,"href":"https:\/\/wielonki.pl\/en\/wp-json\/wp\/v2\/product_tag?post=195"}],"curies":[{"name":"wp","href":"https:\/\/api.w.org\/{rel}","templated":true}]}}