{"id":201,"date":"2023-09-19T16:48:30","date_gmt":"2023-09-19T15:48:30","guid":{"rendered":"https:\/\/wielonki.pl\/?post_type=product&#038;p=201"},"modified":"2026-02-09T19:19:25","modified_gmt":"2026-02-09T18:19:25","slug":"kapturki-klasyczne-map","status":"publish","type":"product","link":"https:\/\/wielonki.pl\/en\/product\/kapturki-klasyczne-map\/","title":{"rendered":"MAP Balaclavas"},"content":{"rendered":"<p>A product designed and created in the one-person wielonki studio.<\/p>\n<p>The hood has been handmade from warm wool.<\/p>\n<p>Yarn composition: 65% alpaca wool, 28% poliamid, 7% merino wool.<\/p>\n<p>The yarn is mulesing free certified and Oeko-Tex 100 certified.<\/p>\n<p>Size \u2013 universal (55 to 60 cm head circumference). There is a possibility to make one in other size \u2013 please state your head circumference in the notes to the order.<\/p>\n<p>Care:<\/p>\n<p>Above all, wool products do not need to be washed very often if it is not necessary. Simply airing them is sufficient.<\/p>\n<p>Prepare 2 towels, a mild detergent (fabric softener, special wool liquid or natural shampoo).<\/p>\n<p>1. Wash the balaclava by hand only \u2013 use gentle strokes, do not stretch the fabric. Use a mild detergent. Gentle shampoos with natural ingredients work well.<\/p>\n<p>2. After washing, the balaclava should be spread out on a towel, roll out gently any excess water squeezed out \u2013 this will prevent the fabric from deforming during drying.<\/p>\n<p>3. The last steps are easy! Spread the balaclava on a dry towel, shape and dry flat only.<\/p>\n<p>\u2661<\/p>","protected":false},"excerpt":{"rendered":"<p>Produkt zaprojektowany i stworzony w jednoosobowej pracowni wielonkowej. Kapturek zosta\u0142 wykonany r\u0119cznie z ciep\u0142ej we\u0142ny. Sk\u0142ad w\u0142\u00f3czki: 65% we\u0142na alpaki, 28% poliamid, 7% we\u0142na merynosa. W\u0142\u00f3czka posiada certyfikat mulesing free i Oeko-Tex 100. Rozmiar \u2013 uniwersalny (55 do 60 cm obw\u00f3d g\u0142owy). Istnieje mo\u017cliwo\u015b\u0107 zam\u00f3wienia pod inne wymiary \u2013 informacj\u0119 o obwodzie g\u0142owy prosz\u0119 poda\u0107 [&hellip;]<\/p>\n","protected":false},"featured_media":1473,"template":"","meta":{"inline_featured_image":false},"product_brand":[],"product_cat":[23],"product_tag":[87],"class_list":{"0":"post-201","1":"product","2":"type-product","3":"status-publish","4":"has-post-thumbnail","6":"product_cat-kapturki","7":"product_tag-kapturekwelniany","9":"first","10":"instock","11":"shipping-taxable","12":"purchasable","13":"product-type-variable","14":"has-default-attributes"},"jetpack_sharing_enabled":true,"_links":{"self":[{"href":"https:\/\/wielonki.pl\/en\/wp-json\/wp\/v2\/product\/201","targetHints":{"allow":["GET"]}}],"collection":[{"href":"https:\/\/wielonki.pl\/en\/wp-json\/wp\/v2\/product"}],"about":[{"href":"https:\/\/wielonki.pl\/en\/wp-json\/wp\/v2\/types\/product"}],"wp:featuredmedia":[{"embeddable":true,"href":"https:\/\/wielonki.pl\/en\/wp-json\/wp\/v2\/media\/1473"}],"wp:attachment":[{"href":"https:\/\/wielonki.pl\/en\/wp-json\/wp\/v2\/media?parent=201"}],"wp:term":[{"taxonomy":"product_brand","embeddable":true,"href":"https:\/\/wielonki.pl\/en\/wp-json\/wp\/v2\/product_brand?post=201"},{"taxonomy":"product_cat","embeddable":true,"href":"https:\/\/wielonki.pl\/en\/wp-json\/wp\/v2\/product_cat?post=201"},{"taxonomy":"product_tag","embeddable":true,"href":"https:\/\/wielonki.pl\/en\/wp-json\/wp\/v2\/product_tag?post=201"}],"curies":[{"name":"wp","href":"https:\/\/api.w.org\/{rel}","templated":true}]}}