{"id":3890,"date":"2024-08-02T09:00:53","date_gmt":"2024-08-02T08:00:53","guid":{"rendered":"https:\/\/wielonki.pl\/?post_type=product&#038;p=3890"},"modified":"2026-03-07T18:45:41","modified_gmt":"2026-03-07T17:45:41","slug":"scrunchie-beza-19","status":"publish","type":"product","link":"https:\/\/wielonki.pl\/en\/product\/scrunchie-beza-19\/","title":{"rendered":"Scrunchie BEZA"},"content":{"rendered":"<p>A product designed and created in the one-person wielonki studio.<\/p>\n<p>Scrunchie, a hair accessory. Scrunchies are handmade, so it they may vary slightly from the photo on the website, but this make them unique \u273f.<\/p>\n<p>Until now, scrunchies came in one size \u2013 large. At your request, two smaller scrunchies (small and medium) have been created. Currently, scrunchies are available in the following sizes: <strong>small 7-8 cm, medium 12-13 cm, large 15-16 cm<\/strong>. Smaller sizes will be perfect for shorter and less thick hair. They also look adorable in a ponytail on long and thick hair!<\/p>\n<p>The preview image shows a large scrunchie in the color offered.<\/p>\n<p>Materials - alpaca and silk.<\/p>\n<p>Care \u2013 above all, wool products do not need to be cleaned often, they just need to be aired.<\/p>\n<p>Please store and wear with great care to maintain softness and fluffiness.<\/p>\n<p>The colours displayed may differ in reality from the photos due to the type of screen and lighting. We try our best to reflect the colours.<\/p>","protected":false},"excerpt":{"rendered":"<p>Produkt zaprojektowany i stworzony w jednoosobowej pracowni wielonkowej. Scrunchie, dodatek do w\u0142os\u00f3w. Scrunchie wykonana jest r\u0119cznie, dlatego mo\u017ce delikatnie r\u00f3\u017cni\u0107 si\u0119 od zdj\u0119cia na stronie \u273f Do tej pory scrunchie mia\u0142y jeden rozmiar \u2013 du\u017cy (SIZE LARGE). Na Wasz\u0105 pro\u015bb\u0119 powsta\u0142y dwie mniejsze scrunchies (ma\u0142a i \u015brednia). Aktualnie scrunchies s\u0105 dost\u0119pne w rozmiarach: ma\u0142a 7-8 [&hellip;]<\/p>\n","protected":false},"featured_media":3840,"template":"","meta":{"inline_featured_image":false},"product_brand":[],"product_cat":[19,91],"product_tag":[],"class_list":{"0":"post-3890","1":"product","2":"type-product","3":"status-publish","4":"has-post-thumbnail","6":"product_cat-akcesoria","7":"product_cat-scrunchie","9":"first","10":"instock","11":"shipping-taxable","12":"purchasable","13":"product-type-variable","14":"has-default-attributes"},"jetpack_sharing_enabled":true,"_links":{"self":[{"href":"https:\/\/wielonki.pl\/en\/wp-json\/wp\/v2\/product\/3890","targetHints":{"allow":["GET"]}}],"collection":[{"href":"https:\/\/wielonki.pl\/en\/wp-json\/wp\/v2\/product"}],"about":[{"href":"https:\/\/wielonki.pl\/en\/wp-json\/wp\/v2\/types\/product"}],"wp:featuredmedia":[{"embeddable":true,"href":"https:\/\/wielonki.pl\/en\/wp-json\/wp\/v2\/media\/3840"}],"wp:attachment":[{"href":"https:\/\/wielonki.pl\/en\/wp-json\/wp\/v2\/media?parent=3890"}],"wp:term":[{"taxonomy":"product_brand","embeddable":true,"href":"https:\/\/wielonki.pl\/en\/wp-json\/wp\/v2\/product_brand?post=3890"},{"taxonomy":"product_cat","embeddable":true,"href":"https:\/\/wielonki.pl\/en\/wp-json\/wp\/v2\/product_cat?post=3890"},{"taxonomy":"product_tag","embeddable":true,"href":"https:\/\/wielonki.pl\/en\/wp-json\/wp\/v2\/product_tag?post=3890"}],"curies":[{"name":"wp","href":"https:\/\/api.w.org\/{rel}","templated":true}]}}