{"id":4555,"date":"2024-10-14T12:40:53","date_gmt":"2024-10-14T11:40:53","guid":{"rendered":"https:\/\/wielonki.pl\/?post_type=product&#038;p=4555"},"modified":"2026-01-22T15:45:51","modified_gmt":"2026-01-22T14:45:51","slug":"kapturki-alpaka-meryno","status":"publish","type":"product","link":"https:\/\/wielonki.pl\/en\/product\/kapturki-alpaka-meryno\/","title":{"rendered":"Merino Balavlacas"},"content":{"rendered":"<p>A product designed and created in the one-person wielonki studio.<\/p>\n<p>Warm hoodies that wrap the face against the cold. Knitted from natural alpaca or merino wool. This hood is unique because of its close-fitting shape to the face and is ideal for cold days, on the ski slope or for everyday outings on the town.<\/p>\n<p>Yarn composition:<br \/>\n\u2022 100% merino wool.<\/p>\n<p>We make all our products by hand in our workshop with respect for the raw material.<\/p>\n<p>Please point out the colour of your choice in the notes to your order.<\/p>\n<p>The yarns are certified mulesing free.<\/p>\n<p>Size \u2013 universal (55 to 60 cm head circumference). There is a possibility to make one in other size \u2013 please state your head circumference in the notes to the order.<\/p>\n<p>\u273f<br \/>\nThe photographs with the model were taken by Dominika Wi\u015bniewska, more of her work can be found on her instagram: @wisniewska.fotografia<br \/>\n\u273f<\/p>\n<p>Care:<\/p>\n<p>Above all, wool products do not need to be washed very often if it is not necessary. Simply airing them is sufficient.<\/p>\n<p>Prepare 2 towels, a mild detergent (fabric softener, special wool liquid or natural shampoo).<\/p>\n<p>1. Wash the balaclava by hand only \u2013 use gentle strokes, do not stretch the fabric. Use a mild detergent. Gentle shampoos with natural ingredients work well.<\/p>\n<p>2. After washing, the balaclava should be spread out on a towel, roll out gently any excess water squeezed out \u2013 this will prevent the fabric from deforming during drying.<\/p>\n<p>3. The last steps are easy! Spread the balaclava on a dry towel, shape and dry flat only.<\/p>\n<p>\u2661<\/p>","protected":false},"excerpt":{"rendered":"<p>Produkt zaprojektowany i stworzony w jednoosobowej pracowni wielonkowej. Ciep\u0142e, otulaj\u0105ce twarz przed mrozem kapturki. Wykonane na drutach z naturalnej we\u0142ny alpaki albo merynosa. Ten kapturek wyr\u00f3\u017cnia si\u0119 przylegaj\u0105cym kszta\u0142tem do twarzy, idealnie sprawdzi si\u0119 na mro\u017ane dni, na stok narciarski a tak\u017ce na codzienne wypady na miasto. Sk\u0142ad w\u0142\u00f3kna: \u2022 100% we\u0142na z merynos\u00f3w. Wszystkie [&hellip;]<\/p>\n","protected":false},"featured_media":4561,"template":"","meta":{"inline_featured_image":false},"product_brand":[],"product_cat":[23],"product_tag":[87],"class_list":{"0":"post-4555","1":"product","2":"type-product","3":"status-publish","4":"has-post-thumbnail","6":"product_cat-kapturki","7":"product_tag-kapturekwelniany","9":"first","10":"instock","11":"shipping-taxable","12":"purchasable","13":"product-type-variable","14":"has-default-attributes"},"jetpack_sharing_enabled":true,"_links":{"self":[{"href":"https:\/\/wielonki.pl\/en\/wp-json\/wp\/v2\/product\/4555","targetHints":{"allow":["GET"]}}],"collection":[{"href":"https:\/\/wielonki.pl\/en\/wp-json\/wp\/v2\/product"}],"about":[{"href":"https:\/\/wielonki.pl\/en\/wp-json\/wp\/v2\/types\/product"}],"wp:featuredmedia":[{"embeddable":true,"href":"https:\/\/wielonki.pl\/en\/wp-json\/wp\/v2\/media\/4561"}],"wp:attachment":[{"href":"https:\/\/wielonki.pl\/en\/wp-json\/wp\/v2\/media?parent=4555"}],"wp:term":[{"taxonomy":"product_brand","embeddable":true,"href":"https:\/\/wielonki.pl\/en\/wp-json\/wp\/v2\/product_brand?post=4555"},{"taxonomy":"product_cat","embeddable":true,"href":"https:\/\/wielonki.pl\/en\/wp-json\/wp\/v2\/product_cat?post=4555"},{"taxonomy":"product_tag","embeddable":true,"href":"https:\/\/wielonki.pl\/en\/wp-json\/wp\/v2\/product_tag?post=4555"}],"curies":[{"name":"wp","href":"https:\/\/api.w.org\/{rel}","templated":true}]}}