{"id":692,"date":"2023-10-08T16:19:29","date_gmt":"2023-10-08T15:19:29","guid":{"rendered":"https:\/\/wielonki.pl\/?post_type=product&#038;p=692"},"modified":"2026-01-22T16:21:32","modified_gmt":"2026-01-22T15:21:32","slug":"bonetki-krasnoludkowe","status":"publish","type":"product","link":"https:\/\/wielonki.pl\/en\/product\/bonetki-krasnoludkowe\/","title":{"rendered":"Leprechaun Bonnets"},"content":{"rendered":"<p>A product designed and created in the one-person wielonki studio.<\/p>\n<p>Inspired by old films in which women wore bonnets, I decided to make my yarn interpretation of this headwear. The bonnet is warm and nice to the touch and will go perfectly with more elegant as well as sporty outfits. The bonnet has an interesting texture, which reminds me of a waffle. It has a tip like in a leprechaun's hat.<\/p>\n<p>Yarn composition: 64% alpaca wool, 35% wool.<\/p>\n<p>The yarn is mulesing free cerified.<\/p>\n<p>Care:<\/p>\n<p>Above all, wool products do not need to be washed very often if it is not necessary. Simply airing them is sufficient.<\/p>\n<p>Prepare 2 towels, a mild detergent (fabric softener, special wool liquid or natural shampoo).<\/p>\n<p>1. Wash the bonnet by hand only \u2013 use gentle strokes, do not stretch the fabric. Use a mild detergent. Gentle shampoos with natural ingredients work well.<\/p>\n<p>2. After washing, the bonnet should be spread out on a towel, roll out gently any excess water squeezed out \u2013 this will prevent the fabric from deforming during drying.<\/p>\n<p>3. The last steps are easy! Spread the bonnet on a dry towel, shape and dry flat only.<\/p>\n<p>\u2661<\/p>","protected":false},"excerpt":{"rendered":"<p>Produkt zaprojektowany i stworzony w jednoosobowej pracowni wielonkowej. Zainspirowana starymi filmami, w kt\u00f3rych kobiety nosi\u0142y bonetki postanowi\u0142am wykona\u0107 moj\u0105 w\u0142\u00f3czkow\u0105 interpretacje tego nakrycia g\u0142owy. Bonetka jest ciep\u0142a i mi\u0142a w dotyku, idealnie wpasuje si\u0119 w bardziej eleganckie, jak i sportowe stylizacje. Bonetka posiada ciekaw\u0105 struktur\u0119, kt\u00f3ra przypomina mi wafelka, a tak\u017ce czubeczek jak w czapce [&hellip;]<\/p>\n","protected":false},"featured_media":699,"template":"","meta":{"inline_featured_image":false},"product_brand":[],"product_cat":[18],"product_tag":[88],"class_list":{"0":"post-692","1":"product","2":"type-product","3":"status-publish","4":"has-post-thumbnail","6":"product_cat-bonetki","7":"product_tag-bonetkawelniana","9":"first","10":"outofstock","11":"shipping-taxable","12":"purchasable","13":"product-type-variable","14":"has-default-attributes"},"jetpack_sharing_enabled":true,"_links":{"self":[{"href":"https:\/\/wielonki.pl\/en\/wp-json\/wp\/v2\/product\/692","targetHints":{"allow":["GET"]}}],"collection":[{"href":"https:\/\/wielonki.pl\/en\/wp-json\/wp\/v2\/product"}],"about":[{"href":"https:\/\/wielonki.pl\/en\/wp-json\/wp\/v2\/types\/product"}],"wp:featuredmedia":[{"embeddable":true,"href":"https:\/\/wielonki.pl\/en\/wp-json\/wp\/v2\/media\/699"}],"wp:attachment":[{"href":"https:\/\/wielonki.pl\/en\/wp-json\/wp\/v2\/media?parent=692"}],"wp:term":[{"taxonomy":"product_brand","embeddable":true,"href":"https:\/\/wielonki.pl\/en\/wp-json\/wp\/v2\/product_brand?post=692"},{"taxonomy":"product_cat","embeddable":true,"href":"https:\/\/wielonki.pl\/en\/wp-json\/wp\/v2\/product_cat?post=692"},{"taxonomy":"product_tag","embeddable":true,"href":"https:\/\/wielonki.pl\/en\/wp-json\/wp\/v2\/product_tag?post=692"}],"curies":[{"name":"wp","href":"https:\/\/api.w.org\/{rel}","templated":true}]}}