{"id":7407,"date":"2025-01-10T19:07:49","date_gmt":"2025-01-10T18:07:49","guid":{"rendered":"https:\/\/wielonki.pl\/?post_type=product&#038;p=7407"},"modified":"2026-01-22T15:38:55","modified_gmt":"2026-01-22T14:38:55","slug":"bonetki-moherkowe","status":"publish","type":"product","link":"https:\/\/wielonki.pl\/en\/product\/bonetki-moherkowe\/","title":{"rendered":"Mohair Bonnets"},"content":{"rendered":"<p>A product designed and created in the one-person wielonki studio.<\/p>\n<p>Inspired by old movies where women wore bonnets, I decided to make my yarn interpretation of this headwear. The bonnet is warm and nice to the touch, and will go perfectly with more elegant as well as sporty outfits. Thanks to the drawstrings you can adjust the bonnet to your head.<\/p>\n<p>Yarn composition: 77% alpaca wool, 23% silk.<\/p>\n<p>The yarn is mulesing free cerified.<\/p>\n<p>Care:<\/p>\n<p>Above all, wool products do not need to be washed very often if it is not necessary. Simply airing them is sufficient.<\/p>\n<p>Prepare 2 towels, a mild detergent (fabric softener, special wool liquid or natural shampoo).<\/p>\n<p>1. Wash the bonnet by hand only \u2013 use gentle strokes, do not stretch the fabric. Use a mild detergent. Gentle shampoos with natural ingredients work well.<\/p>\n<p>2. After washing, the bonnet should be spread out on a towel, roll out gently any excess water squeezed out \u2013 this will prevent the fabric from deforming during drying.<\/p>\n<p>3. The last steps are easy! Spread the bonnet on a dry towel, shape and dry flat only.<\/p>\n<p>\u2661<\/p>","protected":false},"excerpt":{"rendered":"<p>Produkt zaprojektowany i stworzony w jednoosobowej pracowni wielonkowej. Zainspirowana starymi filmami, w kt\u00f3rych kobiety nosi\u0142y bonetki, postanowi\u0142am wykona\u0107 moj\u0105 w\u0142\u00f3czkow\u0105 interpretacje tego nakrycia g\u0142owy. Bonetka jest ciep\u0142a i mi\u0142a w dotyku, idealnie wpasuje si\u0119 w bardziej eleganckie, jak i sportowe stylizacje. Dzi\u0119ki sznureczkom mo\u017cesz dopasowa\u0107 bonetk\u0119 do swojej g\u0142owy. Sk\u0142ad w\u0142\u00f3czki: 77% we\u0142na alpaki, 23% [&hellip;]<\/p>\n","protected":false},"featured_media":7416,"template":"","meta":{"inline_featured_image":false},"product_brand":[],"product_cat":[18,48],"product_tag":[88],"class_list":{"0":"post-7407","1":"product","2":"type-product","3":"status-publish","4":"has-post-thumbnail","6":"product_cat-bonetki","7":"product_cat-nowosci","8":"product_tag-bonetkawelniana","10":"first","11":"instock","12":"shipping-taxable","13":"purchasable","14":"product-type-variable","15":"has-default-attributes"},"jetpack_sharing_enabled":true,"_links":{"self":[{"href":"https:\/\/wielonki.pl\/en\/wp-json\/wp\/v2\/product\/7407","targetHints":{"allow":["GET"]}}],"collection":[{"href":"https:\/\/wielonki.pl\/en\/wp-json\/wp\/v2\/product"}],"about":[{"href":"https:\/\/wielonki.pl\/en\/wp-json\/wp\/v2\/types\/product"}],"wp:featuredmedia":[{"embeddable":true,"href":"https:\/\/wielonki.pl\/en\/wp-json\/wp\/v2\/media\/7416"}],"wp:attachment":[{"href":"https:\/\/wielonki.pl\/en\/wp-json\/wp\/v2\/media?parent=7407"}],"wp:term":[{"taxonomy":"product_brand","embeddable":true,"href":"https:\/\/wielonki.pl\/en\/wp-json\/wp\/v2\/product_brand?post=7407"},{"taxonomy":"product_cat","embeddable":true,"href":"https:\/\/wielonki.pl\/en\/wp-json\/wp\/v2\/product_cat?post=7407"},{"taxonomy":"product_tag","embeddable":true,"href":"https:\/\/wielonki.pl\/en\/wp-json\/wp\/v2\/product_tag?post=7407"}],"curies":[{"name":"wp","href":"https:\/\/api.w.org\/{rel}","templated":true}]}}