{"id":7623,"date":"2025-02-19T14:08:27","date_gmt":"2025-02-19T13:08:27","guid":{"rendered":"https:\/\/wielonki.pl\/?post_type=product&#038;p=7623"},"modified":"2026-01-22T15:38:22","modified_gmt":"2026-01-22T14:38:22","slug":"bebe-scarf-czerwony","status":"publish","type":"product","link":"https:\/\/wielonki.pl\/en\/product\/bebe-scarf-czerwony\/","title":{"rendered":"Bebe headscarf petite"},"content":{"rendered":"<p>A product designed and created in the one-person wielonki studio.<\/p>\n<p>The natural yarn composition and timeless cut will make it stay in your closet for years to come.<\/p>\n<p>Knitted on a home knitting machine from soft merino wool.<\/p>\n<p>Yarn composition: 100% merino wool.<\/p>\n<p>\u273f<\/p>\n<p>Care:<\/p>\n<p>Above all, wool products do not need to be washed very often if it is not necessary. Simply airing them is sufficient.<\/p>\n<p>Prepare 2 towels, a mild detergent (fabric softener, special wool liquid or natural shampoo).<\/p>\n<p>1. Wash the headscarf by hand only \u2013 use gentle strokes, do not stretch the fabric. Use a mild detergent. Gentle shampoos with natural ingredients work well.<\/p>\n<p>2. After washing, the headscarf should be spread out on a towel, roll out gently any excess water squeezed out \u2013 this will prevent the fabric from deforming during drying.<\/p>\n<p>3. The last steps are easy! Spread the headscarf on a dry towel, shape and dry flat only.<\/p>\n<p>\u2661<\/p>","protected":false},"excerpt":{"rendered":"<p>Produkt zaprojektowany i stworzony w jednoosobowej pracowni wielonkowej. Naturalny sk\u0142ad i ponadczasowy kr\u00f3j sprawi\u0105, \u017ce pozostanie w twojej szafie przez d\u0142ugie lata. Chustki wykonane na maszynie dziewiarskiej z mi\u0119ciutkiej we\u0142ny merynosa. Sk\u0142ad: 100% we\u0142na merynosa. \u273f Piel\u0119gnacja: Przede wszystkim produkty we\u0142niane nie wymagaj\u0105 cz\u0119stego prania, je\u015bli nie jest to konieczne. Wystarczy je przewietrzy\u0107. Przygotuj 2 [&hellip;]<\/p>\n","protected":false},"featured_media":7641,"template":"","meta":{"inline_featured_image":false},"product_brand":[],"product_cat":[33,48],"product_tag":[],"class_list":{"0":"post-7623","1":"product","2":"type-product","3":"status-publish","4":"has-post-thumbnail","6":"product_cat-chustki","7":"product_cat-nowosci","9":"first","10":"instock","11":"shipping-taxable","12":"purchasable","13":"product-type-variable","14":"has-default-attributes"},"jetpack_sharing_enabled":true,"_links":{"self":[{"href":"https:\/\/wielonki.pl\/en\/wp-json\/wp\/v2\/product\/7623","targetHints":{"allow":["GET"]}}],"collection":[{"href":"https:\/\/wielonki.pl\/en\/wp-json\/wp\/v2\/product"}],"about":[{"href":"https:\/\/wielonki.pl\/en\/wp-json\/wp\/v2\/types\/product"}],"wp:featuredmedia":[{"embeddable":true,"href":"https:\/\/wielonki.pl\/en\/wp-json\/wp\/v2\/media\/7641"}],"wp:attachment":[{"href":"https:\/\/wielonki.pl\/en\/wp-json\/wp\/v2\/media?parent=7623"}],"wp:term":[{"taxonomy":"product_brand","embeddable":true,"href":"https:\/\/wielonki.pl\/en\/wp-json\/wp\/v2\/product_brand?post=7623"},{"taxonomy":"product_cat","embeddable":true,"href":"https:\/\/wielonki.pl\/en\/wp-json\/wp\/v2\/product_cat?post=7623"},{"taxonomy":"product_tag","embeddable":true,"href":"https:\/\/wielonki.pl\/en\/wp-json\/wp\/v2\/product_tag?post=7623"}],"curies":[{"name":"wp","href":"https:\/\/api.w.org\/{rel}","templated":true}]}}