{"id":7686,"date":"2025-02-19T14:44:04","date_gmt":"2025-02-19T13:44:04","guid":{"rendered":"https:\/\/wielonki.pl\/?post_type=product&#038;p=7686"},"modified":"2026-01-22T15:37:26","modified_gmt":"2026-01-22T14:37:26","slug":"szaliczki-merynos","status":"publish","type":"product","link":"https:\/\/wielonki.pl\/en\/product\/szaliczki-merynos\/","title":{"rendered":"Merino Scarfs"},"content":{"rendered":"<p>A product designed and created in the one-person wielonki studio.<\/p>\n<p>Colorful accessory. Handknitted scarfs.<\/p>\n<p>Yarn composition: 100% merino.<\/p>\n<p>Care:<\/p>\n<p>Above all, wool products do not need to be washed very often if it is not necessary. Simply airing them is sufficient.<\/p>\n<p>Prepare 2 towels, a mild detergent (fabric softener, special wool liquid or natural shampoo).<\/p>\n<p>1. Wash the scarf by hand only \u2013 use gentle strokes, do not stretch the fabric. Use a mild detergent. Gentle shampoos with natural ingredients work well.<\/p>\n<p>2. After washing, the scarf should be spread out on a towel, roll out gently any excess water squeezed out \u2013 this will prevent the fabric from deforming during drying.<\/p>\n<p>3. The last steps are easy! Spread the scarf on a dry towel, shape and dry flat only.<\/p>\n<p>\u2661<\/p>\n<p>The colours displayed may differ in reality from the photos due to the type of screen and lighting. We try our best to reflect the colours.<\/p>","protected":false},"excerpt":{"rendered":"<p>Produkt zaprojektowany i stworzony w jednoosobowej pracowni wielonkowej. Kolorowy dodatek. Szaliczki wykonane r\u0119cznie na drutach. Sk\u0142ad: 100% merynos. Piel\u0119gnacja: Przede wszystkim produkty we\u0142niane nie wymagaj\u0105 cz\u0119stego prania, je\u015bli nie jest to konieczne. Wystarczy je przewietrzy\u0107. Przygotuj 2 r\u0119czniki, delikatny detergent (p\u0142yn do p\u0142ukania, specjalny p\u0142yn do we\u0142ny lub naturalny szampon). 1. Szaliczek pierz tylko r\u0119cznie [&hellip;]<\/p>\n","protected":false},"featured_media":7692,"template":"","meta":{"inline_featured_image":false},"product_brand":[],"product_cat":[16,48,86],"product_tag":[],"class_list":{"0":"post-7686","1":"product","2":"type-product","3":"status-publish","4":"has-post-thumbnail","6":"product_cat-knitwear","7":"product_cat-nowosci","8":"product_cat-szaliki","10":"first","11":"instock","12":"shipping-taxable","13":"purchasable","14":"product-type-variable","15":"has-default-attributes"},"jetpack_sharing_enabled":true,"_links":{"self":[{"href":"https:\/\/wielonki.pl\/en\/wp-json\/wp\/v2\/product\/7686","targetHints":{"allow":["GET"]}}],"collection":[{"href":"https:\/\/wielonki.pl\/en\/wp-json\/wp\/v2\/product"}],"about":[{"href":"https:\/\/wielonki.pl\/en\/wp-json\/wp\/v2\/types\/product"}],"wp:featuredmedia":[{"embeddable":true,"href":"https:\/\/wielonki.pl\/en\/wp-json\/wp\/v2\/media\/7692"}],"wp:attachment":[{"href":"https:\/\/wielonki.pl\/en\/wp-json\/wp\/v2\/media?parent=7686"}],"wp:term":[{"taxonomy":"product_brand","embeddable":true,"href":"https:\/\/wielonki.pl\/en\/wp-json\/wp\/v2\/product_brand?post=7686"},{"taxonomy":"product_cat","embeddable":true,"href":"https:\/\/wielonki.pl\/en\/wp-json\/wp\/v2\/product_cat?post=7686"},{"taxonomy":"product_tag","embeddable":true,"href":"https:\/\/wielonki.pl\/en\/wp-json\/wp\/v2\/product_tag?post=7686"}],"curies":[{"name":"wp","href":"https:\/\/api.w.org\/{rel}","templated":true}]}}