{"id":898,"date":"2023-10-11T15:34:17","date_gmt":"2023-10-11T14:34:17","guid":{"rendered":"https:\/\/wielonki.pl\/?post_type=product&#038;p=898"},"modified":"2026-01-22T16:16:49","modified_gmt":"2026-01-22T15:16:49","slug":"czapki-z-podwojnym-wywinieciem","status":"publish","type":"product","link":"https:\/\/wielonki.pl\/en\/product\/czapki-z-podwojnym-wywinieciem\/","title":{"rendered":"Chunky Merino Beanies"},"content":{"rendered":"<p>A product designed and created in the one-person wielonki studio.<\/p>\n<p>Wool beanie made out of merino wool.<\/p>\n<p>The beanies were made using a home knitting machine and hand-sewn together.<\/p>\n<p>Yarn composition: 100% merino wool.<\/p>\n<p>The yarn is mulesing free cerified.<\/p>\n<p>Care:<\/p>\n<p>Above all, wool products do not need to be washed very often if it is not necessary. Simply airing them is sufficient.<\/p>\n<p>Prepare 2 towels, a mild detergent (fabric softener, special wool liquid or natural shampoo).<\/p>\n<p>1. Wash the beanie by hand only \u2013 use gentle strokes, do not stretch the fabric. Use a mild detergent. Gentle shampoos with natural ingredients work well.<\/p>\n<p>2. After washing, the cap should be laid out on a towel and rolled up gently, the excess water will be squeezed out \u2013 this will prevent the fabric from deforming during drying.<\/p>\n<p>3. The final steps are easy! Lay the beanie out on a dry towel, shape and dry flat only.<\/p>\n<p>\u2661<\/p>","protected":false},"excerpt":{"rendered":"<p>Produkt zaprojektowany i stworzony w jednoosobowej pracowni wielonkowej. Czapka we\u0142niana z we\u0142ny merynosa. Czapki zosta\u0142y wykonane przy pomocy domowej maszyny dziewiarskiej i zszyte r\u0119cznie. Sk\u0142ad w\u0142\u00f3czki: 100% we\u0142na merynosa. W\u0142\u00f3czka posiada certyfikat mulesing free. Piel\u0119gnacja: Przede wszystkim produkty we\u0142niane nie wymagaj\u0105 cz\u0119stego prania, je\u015bli nie jest to konieczne. Wystarczy je przewietrzy\u0107. Przygotuj 2 r\u0119czniki, delikatny [&hellip;]<\/p>\n","protected":false},"featured_media":466,"template":"","meta":{"inline_featured_image":false},"product_brand":[],"product_cat":[20,49],"product_tag":[],"class_list":{"0":"post-898","1":"product","2":"type-product","3":"status-publish","4":"has-post-thumbnail","6":"product_cat-czapki","7":"product_cat-promocje","9":"first","10":"instock","11":"shipping-taxable","12":"purchasable","13":"product-type-variable","14":"has-default-attributes"},"jetpack_sharing_enabled":true,"_links":{"self":[{"href":"https:\/\/wielonki.pl\/en\/wp-json\/wp\/v2\/product\/898","targetHints":{"allow":["GET"]}}],"collection":[{"href":"https:\/\/wielonki.pl\/en\/wp-json\/wp\/v2\/product"}],"about":[{"href":"https:\/\/wielonki.pl\/en\/wp-json\/wp\/v2\/types\/product"}],"wp:featuredmedia":[{"embeddable":true,"href":"https:\/\/wielonki.pl\/en\/wp-json\/wp\/v2\/media\/466"}],"wp:attachment":[{"href":"https:\/\/wielonki.pl\/en\/wp-json\/wp\/v2\/media?parent=898"}],"wp:term":[{"taxonomy":"product_brand","embeddable":true,"href":"https:\/\/wielonki.pl\/en\/wp-json\/wp\/v2\/product_brand?post=898"},{"taxonomy":"product_cat","embeddable":true,"href":"https:\/\/wielonki.pl\/en\/wp-json\/wp\/v2\/product_cat?post=898"},{"taxonomy":"product_tag","embeddable":true,"href":"https:\/\/wielonki.pl\/en\/wp-json\/wp\/v2\/product_tag?post=898"}],"curies":[{"name":"wp","href":"https:\/\/api.w.org\/{rel}","templated":true}]}}